{"id":505,"date":"2018-07-23T11:45:24","date_gmt":"2018-07-23T11:45:24","guid":{"rendered":"https:\/\/veera.la-studioweb.com\/?page_id=505"},"modified":"2019-12-12T16:46:20","modified_gmt":"2019-12-12T16:46:20","slug":"order-phone-contact","status":"publish","type":"page","link":"https:\/\/liliputkids.com\/en\/order-phone-contact\/","title":{"rendered":"Communication"},"content":{"rendered":"<div class=\"vc_row wpb_row vc_row-fluid la_fp_slide la_fp_child_section\"><div class=\"wpb_column vc_column_container vc_col-sm-12\"><div class=\"vc_column-inner\"><div class=\"wpb_wrapper\"><div id=\"la_divider69ff788f92776\" class=\"js-el la-divider la-unit-responsive\" data-la_component=\"UnitResponsive\"  data-el_target='#la_divider69ff788f92776'  data-el_media_sizes='{&quot;padding-top&quot;:&quot;lg:70px;&quot;}' ><\/div>\n<\/div><\/div><\/div><\/div><div class=\"vc_row wpb_row vc_row-fluid la_fp_slide la_fp_child_section\"><div class=\"wpb_column vc_column_container vc_col-sm-7\"><div class=\"vc_column-inner\"><div class=\"wpb_wrapper\"><div id=\"la_heading_69ff788f92a97\" class=\"la-headings text-left\"><h2 class=\"js-el heading-tag la-unit-responsive font-weight-600\" style=\"\" >Contact us<\/h2><\/div>\n<div id=\"la_divider69ff788f92ad2\" class=\"js-el la-divider la-unit-responsive\" data-la_component=\"UnitResponsive\"  data-el_target='#la_divider69ff788f92ad2'  data-el_media_sizes='{&quot;padding-top&quot;:&quot;lg:30px;&quot;}' ><\/div>\n\n<div class=\"wpcf7 no-js\" id=\"wpcf7-f1452-o1\" lang=\"tr-TR\" dir=\"ltr\" data-wpcf7-id=\"1452\">\n<div class=\"screen-reader-response\"><p role=\"status\" aria-live=\"polite\" aria-atomic=\"true\"><\/p> <ul><\/ul><\/div>\n<form action=\"\/en\/wp-json\/wp\/v2\/pages\/505#wpcf7-f1452-o1\" method=\"post\" class=\"wpcf7-form init\" aria-label=\"\u0130leti\u015fim Formu\" novalidate=\"novalidate\" data-status=\"init\" data-trp-original-action=\"\/en\/wp-json\/wp\/v2\/pages\/505#wpcf7-f1452-o1\">\n<fieldset class=\"hidden-fields-container\"><input type=\"hidden\" name=\"_wpcf7\" value=\"1452\" \/><input type=\"hidden\" name=\"_wpcf7_version\" value=\"6.1.5\" \/><input type=\"hidden\" name=\"_wpcf7_locale\" value=\"tr_TR\" \/><input type=\"hidden\" name=\"_wpcf7_unit_tag\" value=\"wpcf7-f1452-o1\" \/><input type=\"hidden\" name=\"_wpcf7_container_post\" value=\"0\" \/><input type=\"hidden\" name=\"_wpcf7_posted_data_hash\" value=\"\" \/>\n<\/fieldset>\n<p><label> Your name (*)<br \/>\n<span class=\"wpcf7-form-control-wrap\" data-name=\"your-name\"><input size=\"40\" maxlength=\"400\" class=\"wpcf7-form-control wpcf7-text wpcf7-validates-as-required\" aria-required=\"true\" aria-invalid=\"false\" value=\"\" type=\"text\" name=\"your-name\" \/><\/span> <\/label>\n<\/p>\n<p><label> Your email address (*)<br \/>\n<span class=\"wpcf7-form-control-wrap\" data-name=\"your-email\"><input size=\"40\" maxlength=\"400\" class=\"wpcf7-form-control wpcf7-email wpcf7-validates-as-required wpcf7-text wpcf7-validates-as-email\" aria-required=\"true\" aria-invalid=\"false\" value=\"\" type=\"email\" name=\"your-email\" \/><\/span> <\/label>\n<\/p>\n<p><label> Subject<br \/>\n<span class=\"wpcf7-form-control-wrap\" data-name=\"your-subject\"><input size=\"40\" maxlength=\"400\" class=\"wpcf7-form-control wpcf7-text\" aria-invalid=\"false\" value=\"\" type=\"text\" name=\"your-subject\" \/><\/span> <\/label>\n<\/p>\n<p><label> Your message<br \/>\n<span class=\"wpcf7-form-control-wrap\" data-name=\"your-message\"><textarea cols=\"40\" rows=\"10\" maxlength=\"2000\" class=\"wpcf7-form-control wpcf7-textarea\" aria-invalid=\"false\" name=\"your-message\"><\/textarea><\/span> <\/label>\n<\/p>\n<p><input class=\"wpcf7-form-control wpcf7-submit has-spinner\" type=\"submit\" value=\"Send\" \/>\n<\/p><div class=\"wpcf7-response-output\" aria-hidden=\"true\"><\/div>\n<input type=\"hidden\" name=\"trp-form-language\" value=\"en\"\/><\/form>\n<\/div>\n<\/div><\/div><\/div><div class=\"wpb_column vc_column_container vc_col-sm-5 vc_col-lg-offset-1 vc_col-lg-4\"><div class=\"vc_column-inner\"><div class=\"wpb_wrapper\"><div id=\"la_heading_69ff788f947b8\" class=\"la-headings text-left\"><h2 class=\"js-el heading-tag la-unit-responsive font-weight-600\" style=\"\" >Address<\/h2><\/div>\n<div id=\"la_divider69ff788f947ed\" class=\"js-el la-divider la-unit-responsive\" data-la_component=\"UnitResponsive\"  data-el_target='#la_divider69ff788f947ed'  data-el_media_sizes='{&quot;padding-top&quot;:&quot;lg:25px;&quot;}' ><\/div>\n<div id=\"la_heading_69ff788f94831\" class=\"la-headings text-left\"><h3 class=\"js-el heading-tag la-unit-responsive margin-bottom-15 font-weight-600\" style=\"\"  data-la_component=\"UnitResponsive\"  data-el_target='#la_heading_69ff788f94831 .heading-tag'  data-el_media_sizes='{&quot;font-size&quot;:&quot;lg:13px;&quot;,&quot;line-height&quot;:&quot;lg:19px;&quot;}' >Office and Showroom<\/h3><div class=\"js-el subheading-tag la-unit-responsive\" style=\"\"  data-la_component=\"UnitResponsive\"  data-el_target='#la_heading_69ff788f94831 .subheading-tag'  data-el_media_sizes='{&quot;font-size&quot;:&quot;lg:13px;&quot;,&quot;line-height&quot;:&quot;lg:19px;&quot;}' ><p>Ye\u015filk\u0131r Street Reha Ap. No:14 Ground Floor<br \/>\nFenerbahce \/ Kadikoy \/ Istanbul<\/p>\n<\/div><\/div>\n<div id=\"la_divider69ff788f948c3\" class=\"js-el la-divider la-unit-responsive\" data-la_component=\"UnitResponsive\"  data-el_target='#la_divider69ff788f948c3'  data-el_media_sizes='{&quot;padding-top&quot;:&quot;lg:25px;&quot;}' ><\/div>\n<div id=\"la_divider69ff788f948ef\" class=\"js-el la-divider la-unit-responsive\" data-la_component=\"UnitResponsive\"  data-el_target='#la_divider69ff788f948ef'  data-el_media_sizes='{&quot;padding-top&quot;:&quot;lg:25px;&quot;}' ><\/div>\n<div class=\"vc_row wpb_row vc_inner vc_row-fluid\"><div class=\"wpb_column vc_column_container vc_col-sm-6\"><div class=\"vc_column-inner\"><div class=\"wpb_wrapper\"><div id=\"la_heading_69ff788f95759\" class=\"la-headings text-left\"><h3 class=\"js-el heading-tag la-unit-responsive margin-bottom-15 font-weight-600\" style=\"\"  data-la_component=\"UnitResponsive\"  data-el_target='#la_heading_69ff788f95759 .heading-tag'  data-el_media_sizes='{&quot;font-size&quot;:&quot;lg:13px;&quot;,&quot;line-height&quot;:&quot;lg:19px;&quot;}' >Our phones<\/h3><div class=\"js-el subheading-tag la-unit-responsive\" style=\"\"  data-la_component=\"UnitResponsive\"  data-el_target='#la_heading_69ff788f95759 .subheading-tag'  data-el_media_sizes='{&quot;font-size&quot;:&quot;lg:13px;&quot;,&quot;line-height&quot;:&quot;lg:19px;&quot;}' ><p><a href=\"TEL:(+90) 216 541 02 41\">TEL: (+90) 216 541 02 41<\/a><br \/>\n<a href=\"CEP:(+90) 216 541 02 41\">MOBILE:(+90) 532 788 83 48<\/a><\/p>\n<\/div><\/div>\n<\/div><\/div><\/div><div class=\"wpb_column vc_column_container vc_col-sm-6\"><div class=\"vc_column-inner\"><div class=\"wpb_wrapper\"><div id=\"la_heading_69ff788f9589f\" class=\"la-headings text-left\"><h3 class=\"js-el heading-tag la-unit-responsive margin-bottom-15 font-weight-600\" style=\"\"  data-la_component=\"UnitResponsive\"  data-el_target='#la_heading_69ff788f9589f .heading-tag'  data-el_media_sizes='{&quot;font-size&quot;:&quot;lg:13px;&quot;,&quot;line-height&quot;:&quot;lg:19px;&quot;}' >E-mail<\/h3><div class=\"js-el subheading-tag la-unit-responsive\" style=\"\"  data-la_component=\"UnitResponsive\"  data-el_target='#la_heading_69ff788f9589f .subheading-tag'  data-el_media_sizes='{&quot;font-size&quot;:&quot;lg:13px;&quot;,&quot;line-height&quot;:&quot;lg:19px;&quot;}' ><p><a href=\"mailto:info@liliputkids.com\">info@liliputkids.com<\/a><\/p>\n<\/div><\/div>\n<\/div><\/div><\/div><\/div><div id=\"la_divider69ff788f9592c\" class=\"js-el la-divider la-unit-responsive\" data-la_component=\"UnitResponsive\"  data-el_target='#la_divider69ff788f9592c'  data-el_media_sizes='{&quot;padding-top&quot;:&quot;lg:25px;&quot;}' ><\/div>\n<div class=\"social-media-link style-default\"><a href=\"https:\/\/www.facebook.com\/pages\/Liliput-Kids\/742757945768458\" class=\"facebook\" title=\"Facebook\" target=\"_blank\" rel=\"nofollow\"><i class=\"fa fa-facebook\"><\/i><\/a><a href=\"https:\/\/twitter.com\/liliputkids\" class=\"twitter\" title=\"Twitter\" target=\"_blank\" rel=\"nofollow\"><i class=\"fa fa-twitter\"><\/i><\/a><a href=\"https:\/\/tr.pinterest.com\/liliputkidstr\/\" class=\"pinterest\" title=\"Pinterest\" target=\"_blank\" rel=\"nofollow\"><i class=\"fa fa-pinterest-p\"><\/i><\/a><a href=\"http:\/\/instagram.com\/liliputkids\" class=\"instagram\" title=\"Instagram\" target=\"_blank\" rel=\"nofollow\"><i class=\"fa fa-instagram\"><\/i><\/a><\/div><\/div><\/div><\/div><\/div><div data-vc-full-width=\"true\" data-vc-full-width-init=\"false\" data-vc-stretch-content=\"true\" class=\"vc_row wpb_row vc_row-fluid vc_row-no-padding la_fp_slide la_fp_child_section\"><div class=\"wpb_column vc_column_container vc_col-sm-12\"><div class=\"vc_column-inner\"><div class=\"wpb_wrapper\"><div id=\"la_divider69ff788f95bbf\" class=\"js-el la-divider la-unit-responsive\" data-la_component=\"UnitResponsive\"  data-el_target='#la_divider69ff788f95bbf'  data-el_media_sizes='{&quot;padding-top&quot;:&quot;lg:115px;&quot;}' ><\/div>\n<\/div><\/div><\/div><\/div><div class=\"vc_row-full-width vc_clearfix\"><\/div><div class=\"vc_row wpb_row vc_row-fluid la_fp_slide la_fp_child_section\"><div class=\"wpb_column vc_column_container vc_col-sm-12\"><div class=\"vc_column-inner\"><div class=\"wpb_wrapper\"><div class=\"wpb_gmaps_widget wpb_content_element\"><div class=\"wpb_wrapper\"><div class=\"wpb_map_wraper\"><iframe loading=\"lazy\" src=\"https:\/\/www.google.com\/maps\/embed?pb=!1m24!1m12!1m3!1d3012.4175832528654!2d29.047616450632855!3d40.9723361009935!2m3!1f0!2f0!3f0!3m2!1i1024!2i768!4f13.1!4m9!3e6!4m3!3m2!1d40.9724362!2d29.0489!4m3!3m2!1d40.972320599999996!2d29.0489319!5e0!3m2!1str!2str!4v1555757471213!5m2!1str!2str\" width=\"600\" height=\"450\" frameborder=\"0\" style=\"border:0\" allowfullscreen><\/iframe><\/div><\/div><\/div><\/div><\/div><\/div><\/div>","protected":false},"excerpt":{"rendered":"Bize Ula\u015f\u0131n Ad\u0131n\u0131z (*) E-posta adresiniz (*) Konu Mesaj\u0131n\u0131z Adres Ofis ve ShowroomYe\u015filk\u0131r Sokak Reha Ap. No:14 Zemin Kat Fenerbah\u00e7e&hellip;","protected":false},"author":1,"featured_media":0,"parent":0,"menu_order":0,"comment_status":"closed","ping_status":"closed","template":"","meta":{"footnotes":""},"class_list":["post-505","page","type-page","status-publish","hentry"],"aioseo_notices":[],"_links":{"self":[{"href":"https:\/\/liliputkids.com\/en\/wp-json\/wp\/v2\/pages\/505","targetHints":{"allow":["GET"]}}],"collection":[{"href":"https:\/\/liliputkids.com\/en\/wp-json\/wp\/v2\/pages"}],"about":[{"href":"https:\/\/liliputkids.com\/en\/wp-json\/wp\/v2\/types\/page"}],"author":[{"embeddable":true,"href":"https:\/\/liliputkids.com\/en\/wp-json\/wp\/v2\/users\/1"}],"replies":[{"embeddable":true,"href":"https:\/\/liliputkids.com\/en\/wp-json\/wp\/v2\/comments?post=505"}],"version-history":[{"count":0,"href":"https:\/\/liliputkids.com\/en\/wp-json\/wp\/v2\/pages\/505\/revisions"}],"wp:attachment":[{"href":"https:\/\/liliputkids.com\/en\/wp-json\/wp\/v2\/media?parent=505"}],"curies":[{"name":"wp","href":"https:\/\/api.w.org\/{rel}","templated":true}]}}